{"id":850,"date":"2022-08-03T00:06:06","date_gmt":"2022-08-02T21:06:06","guid":{"rendered":"https:\/\/pedihelp.ro\/?page_id=850"},"modified":"2025-05-14T13:56:08","modified_gmt":"2025-05-14T10:56:08","slug":"tarife-pediatrie-3-2-2-2-2","status":"publish","type":"page","link":"https:\/\/pedihelp.ro\/?page_id=850","title":{"rendered":"Servicii \u0219i tarife Oto-Rino-Laringologie"},"content":{"rendered":"\n<h2 class=\"wp-block-heading\">Servicii ORL la clinic\u0103<\/h2>\n\n\n\n<p class=\"has-small-font-size\">Include serviciile efectuate la clinic\u0103, \u00een timpul programului s\u0103pt\u0103m\u00e2nal, de Luni p\u00e2n\u0103 Vineri, excluz\u00e2nd s\u0103rbatorile legale.<\/p>\n\n\n\n<figure class=\"wp-block-table is-style-stripes\"><table><thead><tr><th>Denumire<\/th><th class=\"has-text-align-right\" data-align=\"right\">Cost<\/th><\/tr><\/thead><tbody><tr><td>Consult ORL<\/td><td class=\"has-text-align-right\" data-align=\"right\">200 RON<\/td><\/tr><tr><td>Control ORL<\/td><td class=\"has-text-align-right\" data-align=\"right\">120 RON<\/td><\/tr><tr><td>Consult ORL cu fibroscopie nazofaringolaringian\u0103<\/td><td class=\"has-text-align-right\" data-align=\"right\">280 RON<\/td><\/tr><tr><td>Control ORL cu interpretare analize biologice<\/td><td class=\"has-text-align-right\" data-align=\"right\">150 RON<\/td><\/tr><tr><td>Consult ORL pentru fi\u0219\u0103 medical\u0103<\/td><td class=\"has-text-align-right\" data-align=\"right\">100 RON<\/td><\/tr><tr><td>Interpretare analize biologice, Audiologie, CT, RMN<\/td><td class=\"has-text-align-right\" data-align=\"right\">50 RON<\/td><\/tr><tr><td>Fibroscopie nazofaringolaringiana<\/td><td class=\"has-text-align-right\" data-align=\"right\">180 RON<\/td><\/tr><\/tbody><\/table><\/figure>\n\n\n\n<p> <\/p>\n\n\n\n<h2 class=\"wp-block-heading has-medium-font-size\">Cavitatea nazal\u0103<\/h2>\n\n\n\n<figure class=\"wp-block-table is-style-stripes\"><table><thead><tr><th>Denumire<\/th><th class=\"has-text-align-right\" data-align=\"right\">Cost<\/th><\/tr><\/thead><tbody><tr><td>Extrac\u021bie corp str\u0103in<\/td><td class=\"has-text-align-right\" data-align=\"right\">100 RON<\/td><\/tr><tr><td>Tamponament nazal anterior<\/td><td class=\"has-text-align-right\" data-align=\"right\">100 RON<\/td><\/tr><tr><td>Me\u0219aj intranazal<\/td><td class=\"has-text-align-right\" data-align=\"right\">50 RON<\/td><\/tr><tr><td>Cauterizare pat\u0103 vascular\u0103<\/td><td class=\"has-text-align-right\" data-align=\"right\">100 RON<\/td><\/tr><tr><td>Aerosoli<\/td><td class=\"has-text-align-right\" data-align=\"right\">50 RON<\/td><\/tr><\/tbody><\/table><\/figure>\n\n\n\n<p><\/p>\n\n\n\n<h2 class=\"wp-block-heading has-medium-font-size\">Ureche<\/h2>\n\n\n\n<figure class=\"wp-block-table is-style-stripes\"><table><thead><tr><th>Denumire<\/th><th class=\"has-text-align-right\" data-align=\"right\">Cost<\/th><\/tr><\/thead><tbody><tr><td>Aspiratie auriculara bilateral<\/td><td class=\"has-text-align-right\" data-align=\"right\">70 RON<\/td><\/tr><tr><td>Me\u0219aj auricular<\/td><td class=\"has-text-align-right\" data-align=\"right\">30 RON<\/td><\/tr><tr><td>Spalatura auriculara bilateral<\/td><td class=\"has-text-align-right\" data-align=\"right\">80 RON<\/td><\/tr><tr><td>Toaleta cu pansament auricular<\/td><td class=\"has-text-align-right\" data-align=\"right\">80 RON<\/td><\/tr><tr><td>Extractie corp strain auricular<\/td><td class=\"has-text-align-right\" data-align=\"right\">100 RON<\/td><\/tr><tr><td>Extractie dop cerumen<\/td><td class=\"has-text-align-right\" data-align=\"right\">80 RON<\/td><\/tr><tr><td>Incizie cu drenaj colectie CAE si otopansament<\/td><td class=\"has-text-align-right\" data-align=\"right\">120 RON<\/td><\/tr><\/tbody><\/table><\/figure>\n\n\n\n<p><\/p>\n\n\n\n<h2 class=\"wp-block-heading has-medium-font-size\">Alte proceduri<\/h2>\n\n\n\n<figure class=\"wp-block-table is-style-stripes\"><table><thead><tr><th>Denumire<\/th><th class=\"has-text-align-right\" data-align=\"right\">Cost<\/th><\/tr><\/thead><tbody><tr><td>Suprimare fire de sutura<\/td><td class=\"has-text-align-right\" data-align=\"right\">50 RON<\/td><\/tr><tr><td>Probe vestibulare<\/td><td class=\"has-text-align-right\" data-align=\"right\">100 RON<\/td><\/tr><tr><td>Eliberare adeverinta medicala<\/td><td class=\"has-text-align-right\" data-align=\"right\">50 RON<\/td><\/tr><\/tbody><\/table><\/figure>\n","protected":false},"excerpt":{"rendered":"<p>Servicii ORL la clinic\u0103 Include serviciile efectuate la clinic\u0103, \u00een timpul programului s\u0103pt\u0103m\u00e2nal, de Luni p\u00e2n\u0103 Vineri, excluz\u00e2nd s\u0103rbatorile legale. Denumire Cost Consult ORL 200 RON Control ORL 120 RON Consult ORL cu fibroscopie nazofaringolaringian\u0103 280 RON Control ORL cu interpretare analize biologice 150 RON Consult ORL pentru fi\u0219\u0103 medical\u0103 100 RON Interpretare analize biologice, <a href=\"https:\/\/pedihelp.ro\/?page_id=850\" class=\"more-link\">&#8230;<span class=\"screen-reader-text\">  Servicii \u0219i tarife Oto-Rino-Laringologie<\/span><\/a><\/p>\n","protected":false},"author":1,"featured_media":853,"parent":36,"menu_order":0,"comment_status":"closed","ping_status":"closed","template":"","meta":{"om_disable_all_campaigns":false,"_monsterinsights_skip_tracking":false,"_monsterinsights_sitenote_active":false,"_monsterinsights_sitenote_note":"","_monsterinsights_sitenote_category":0,"footnotes":""},"class_list":["post-850","page","type-page","status-publish","has-post-thumbnail","hentry"],"aioseo_notices":[],"_links":{"self":[{"href":"https:\/\/pedihelp.ro\/index.php?rest_route=\/wp\/v2\/pages\/850","targetHints":{"allow":["GET"]}}],"collection":[{"href":"https:\/\/pedihelp.ro\/index.php?rest_route=\/wp\/v2\/pages"}],"about":[{"href":"https:\/\/pedihelp.ro\/index.php?rest_route=\/wp\/v2\/types\/page"}],"author":[{"embeddable":true,"href":"https:\/\/pedihelp.ro\/index.php?rest_route=\/wp\/v2\/users\/1"}],"replies":[{"embeddable":true,"href":"https:\/\/pedihelp.ro\/index.php?rest_route=%2Fwp%2Fv2%2Fcomments&post=850"}],"version-history":[{"count":1,"href":"https:\/\/pedihelp.ro\/index.php?rest_route=\/wp\/v2\/pages\/850\/revisions"}],"predecessor-version":[{"id":852,"href":"https:\/\/pedihelp.ro\/index.php?rest_route=\/wp\/v2\/pages\/850\/revisions\/852"}],"up":[{"embeddable":true,"href":"https:\/\/pedihelp.ro\/index.php?rest_route=\/wp\/v2\/pages\/36"}],"wp:featuredmedia":[{"embeddable":true,"href":"https:\/\/pedihelp.ro\/index.php?rest_route=\/wp\/v2\/media\/853"}],"wp:attachment":[{"href":"https:\/\/pedihelp.ro\/index.php?rest_route=%2Fwp%2Fv2%2Fmedia&parent=850"}],"curies":[{"name":"wp","href":"https:\/\/api.w.org\/{rel}","templated":true}]}}