{"id":773,"date":"2022-08-03T00:06:06","date_gmt":"2022-08-02T21:06:06","guid":{"rendered":"https:\/\/pedihelp.ro\/?page_id=773"},"modified":"2025-05-26T18:06:35","modified_gmt":"2025-05-26T15:06:35","slug":"tarife-pediatrie-3-2-2","status":"publish","type":"page","link":"https:\/\/pedihelp.ro\/?page_id=773","title":{"rendered":"Servicii \u0219i  tarife Ortopedie Pediatric\u0103"},"content":{"rendered":"\n<h2 class=\"wp-block-heading\">Servicii ortopedie pediatric\u0103 la clinic\u0103<\/h2>\n\n\n\n<p class=\"has-small-font-size\">Include serviciile pediatrice efectuate la clinic\u0103, \u00een timpul programului s\u0103pt\u0103m\u00e2nal, de Luni p\u00e2n\u0103 Vineri, excluz\u00e2nd s\u0103rbatorile legale.<\/p>\n\n\n\n<figure class=\"wp-block-table is-style-stripes\"><table><thead><tr><th>Denumire<\/th><th class=\"has-text-align-right\" data-align=\"right\">Cost<\/th><\/tr><\/thead><tbody><tr><td>Consulta\u021bie<\/td><td class=\"has-text-align-right\" data-align=\"right\">300 RON<\/td><\/tr><tr><td>Ecografie musculo-scheletal\u0103<\/td><td class=\"has-text-align-right\" data-align=\"right\">300 RON<\/td><\/tr><tr><td>Extras MOS (Bro\u0219e)<\/td><td class=\"has-text-align-right\" data-align=\"right\">250 RON<\/td><\/tr><tr><td>Infiltra\u021bie intra-articular\u0103 sau peri-articular\u0103 f\u0103r\u0103 substan\u021b\u0103<\/td><td class=\"has-text-align-right\" data-align=\"right\">150 RON<\/td><\/tr><tr><td>Imobilizare gipsat\u0103<\/td><td class=\"has-text-align-right\" data-align=\"right\">150 RON<\/td><\/tr><tr><td>Interpretare imagistic\u0103<\/td><td class=\"has-text-align-right\" data-align=\"right\">120 RON<\/td><\/tr><tr><td>Suprimare imobilizare gipsat\u0103<\/td><td class=\"has-text-align-right\" data-align=\"right\">80 RON<\/td><\/tr><tr><td>Ecografie \u0219old\/general\u0103<\/td><td class=\"has-text-align-right\" data-align=\"right\">350 RON<\/td><\/tr><tr><td>Suprimare fire sutur\u0103 cu pansament<\/td><td class=\"has-text-align-right\" data-align=\"right\">150 RON<\/td><\/tr><tr><td>Pansament pl\u0103gi<\/td><td class=\"has-text-align-right\" data-align=\"right\">100 RON<\/td><\/tr><\/tbody><\/table><\/figure>\n\n\n\n<p><\/p>\n","protected":false},"excerpt":{"rendered":"<p>Servicii ortopedie pediatric\u0103 la clinic\u0103 Include serviciile pediatrice efectuate la clinic\u0103, \u00een timpul programului s\u0103pt\u0103m\u00e2nal, de Luni p\u00e2n\u0103 Vineri, excluz\u00e2nd s\u0103rbatorile legale. Denumire Cost Consulta\u021bie 300 RON Ecografie musculo-scheletal\u0103 300 RON Extras MOS (Bro\u0219e) 250 RON Infiltra\u021bie intra-articular\u0103 sau peri-articular\u0103 f\u0103r\u0103 substan\u021b\u0103 150 RON Imobilizare gipsat\u0103 150 RON Interpretare imagistic\u0103 120 RON Suprimare imobilizare gipsat\u0103 <a href=\"https:\/\/pedihelp.ro\/?page_id=773\" class=\"more-link\">&#8230;<span class=\"screen-reader-text\">  Servicii \u0219i  tarife Ortopedie Pediatric\u0103<\/span><\/a><\/p>\n","protected":false},"author":1,"featured_media":782,"parent":36,"menu_order":0,"comment_status":"closed","ping_status":"closed","template":"","meta":{"om_disable_all_campaigns":false,"_monsterinsights_skip_tracking":false,"_monsterinsights_sitenote_active":false,"_monsterinsights_sitenote_note":"","_monsterinsights_sitenote_category":0,"footnotes":""},"class_list":["post-773","page","type-page","status-publish","has-post-thumbnail","hentry"],"aioseo_notices":[],"_links":{"self":[{"href":"https:\/\/pedihelp.ro\/index.php?rest_route=\/wp\/v2\/pages\/773","targetHints":{"allow":["GET"]}}],"collection":[{"href":"https:\/\/pedihelp.ro\/index.php?rest_route=\/wp\/v2\/pages"}],"about":[{"href":"https:\/\/pedihelp.ro\/index.php?rest_route=\/wp\/v2\/types\/page"}],"author":[{"embeddable":true,"href":"https:\/\/pedihelp.ro\/index.php?rest_route=\/wp\/v2\/users\/1"}],"replies":[{"embeddable":true,"href":"https:\/\/pedihelp.ro\/index.php?rest_route=%2Fwp%2Fv2%2Fcomments&post=773"}],"version-history":[{"count":5,"href":"https:\/\/pedihelp.ro\/index.php?rest_route=\/wp\/v2\/pages\/773\/revisions"}],"predecessor-version":[{"id":897,"href":"https:\/\/pedihelp.ro\/index.php?rest_route=\/wp\/v2\/pages\/773\/revisions\/897"}],"up":[{"embeddable":true,"href":"https:\/\/pedihelp.ro\/index.php?rest_route=\/wp\/v2\/pages\/36"}],"wp:featuredmedia":[{"embeddable":true,"href":"https:\/\/pedihelp.ro\/index.php?rest_route=\/wp\/v2\/media\/782"}],"wp:attachment":[{"href":"https:\/\/pedihelp.ro\/index.php?rest_route=%2Fwp%2Fv2%2Fmedia&parent=773"}],"curies":[{"name":"wp","href":"https:\/\/api.w.org\/{rel}","templated":true}]}}