{"id":769,"date":"2022-08-03T00:06:06","date_gmt":"2022-08-02T21:06:06","guid":{"rendered":"https:\/\/pedihelp.ro\/?page_id=769"},"modified":"2025-05-14T13:57:36","modified_gmt":"2025-05-14T10:57:36","slug":"tarife-pediatrie-3-2","status":"publish","type":"page","link":"https:\/\/pedihelp.ro\/?page_id=769","title":{"rendered":"Servicii \u0219i tarife Gastroenterologie Pediatric\u0103"},"content":{"rendered":"\n<h2 class=\"wp-block-heading\">Servicii gastroenterologie pediatric\u0103 la clinic\u0103<\/h2>\n\n\n\n<p class=\"has-small-font-size\">Include serviciile pediatrice efectuate la clinic\u0103, \u00een timpul programului s\u0103pt\u0103m\u00e2nal, de Luni p\u00e2n\u0103 Vineri, excluz\u00e2nd s\u0103rbatorile legale.<\/p>\n\n\n\n<figure class=\"wp-block-table is-style-stripes\"><table><thead><tr><th>Denumire<\/th><th class=\"has-text-align-right\" data-align=\"right\">Cost<\/th><\/tr><\/thead><tbody><tr><td>Consulta\u021bie gastroenterologie pediatric\u0103<\/td><td class=\"has-text-align-right\" data-align=\"right\">350 RON<\/td><\/tr><tr><td>Consulta\u021bie + Ecografie abdominal\u0103<\/td><td class=\"has-text-align-right\" data-align=\"right\">500 RON<\/td><\/tr><tr><td>Control<\/td><td class=\"has-text-align-right\" data-align=\"right\">250 RON<\/td><\/tr><tr><td><\/td><td class=\"has-text-align-right\" data-align=\"right\"><\/td><\/tr><\/tbody><\/table><\/figure>\n","protected":false},"excerpt":{"rendered":"<p>Servicii gastroenterologie pediatric\u0103 la clinic\u0103 Include serviciile pediatrice efectuate la clinic\u0103, \u00een timpul programului s\u0103pt\u0103m\u00e2nal, de Luni p\u00e2n\u0103 Vineri, excluz\u00e2nd s\u0103rbatorile legale. Denumire Cost Consulta\u021bie gastroenterologie pediatric\u0103 350 RON Consulta\u021bie + Ecografie abdominal\u0103 500 RON Control 250 RON<\/p>\n","protected":false},"author":1,"featured_media":781,"parent":36,"menu_order":0,"comment_status":"closed","ping_status":"closed","template":"","meta":{"om_disable_all_campaigns":false,"_monsterinsights_skip_tracking":false,"_monsterinsights_sitenote_active":false,"_monsterinsights_sitenote_note":"","_monsterinsights_sitenote_category":0,"footnotes":""},"class_list":["post-769","page","type-page","status-publish","has-post-thumbnail","hentry"],"aioseo_notices":[],"_links":{"self":[{"href":"https:\/\/pedihelp.ro\/index.php?rest_route=\/wp\/v2\/pages\/769","targetHints":{"allow":["GET"]}}],"collection":[{"href":"https:\/\/pedihelp.ro\/index.php?rest_route=\/wp\/v2\/pages"}],"about":[{"href":"https:\/\/pedihelp.ro\/index.php?rest_route=\/wp\/v2\/types\/page"}],"author":[{"embeddable":true,"href":"https:\/\/pedihelp.ro\/index.php?rest_route=\/wp\/v2\/users\/1"}],"replies":[{"embeddable":true,"href":"https:\/\/pedihelp.ro\/index.php?rest_route=%2Fwp%2Fv2%2Fcomments&post=769"}],"version-history":[{"count":2,"href":"https:\/\/pedihelp.ro\/index.php?rest_route=\/wp\/v2\/pages\/769\/revisions"}],"predecessor-version":[{"id":772,"href":"https:\/\/pedihelp.ro\/index.php?rest_route=\/wp\/v2\/pages\/769\/revisions\/772"}],"up":[{"embeddable":true,"href":"https:\/\/pedihelp.ro\/index.php?rest_route=\/wp\/v2\/pages\/36"}],"wp:featuredmedia":[{"embeddable":true,"href":"https:\/\/pedihelp.ro\/index.php?rest_route=\/wp\/v2\/media\/781"}],"wp:attachment":[{"href":"https:\/\/pedihelp.ro\/index.php?rest_route=%2Fwp%2Fv2%2Fmedia&parent=769"}],"curies":[{"name":"wp","href":"https:\/\/api.w.org\/{rel}","templated":true}]}}